{"id":220711,"date":"2023-07-19T10:21:56","date_gmt":"2023-07-19T08:21:56","guid":{"rendered":"https:\/\/siteswebneoform.fr\/neovaml\/contact-neova-coordonnees-copy-2"},"modified":"2023-07-31T10:19:09","modified_gmt":"2023-07-31T08:19:09","slug":"contact-neova-contact-details","status":"publish","type":"page","link":"https:\/\/www.meublesneova.fr\/en\/contact-neova-contact-details\/","title":{"rendered":"NEOVA &#8211; Contact"},"content":{"rendered":"<p>[et_pb_section fb_built=&#8221;1&#8243; fullwidth=&#8221;on&#8221; _builder_version=&#8221;4.16&#8243; background_image=&#8221;https:\/\/meublesneova.fr\/wp-content\/uploads\/2018\/09\/OUEST-POST-FORMING_Plan-snack-sur-ilot-central-stratifie-Volcanic-Ash-ERRE.jpg&#8221; background_position=&#8221;center_right&#8221; animation_style=&#8221;slide&#8221; animation_direction=&#8221;top&#8221; animation_intensity_slide=&#8221;2%&#8221; animation_starting_opacity=&#8221;100%&#8221; locked=&#8221;off&#8221; global_colors_info=&#8221;{}&#8221;][et_pb_fullwidth_header title=&#8221;CONTACT US !&#8221; content_max_width=&#8221;800px&#8221; disabled_on=&#8221;on|on|off&#8221; _builder_version=&#8221;4.21.0&#8243; title_level=&#8221;h2&#8243; title_font=&#8221;Montserrat|700|||||||&#8221; title_font_size=&#8221;50px&#8221; title_letter_spacing=&#8221;10px&#8221; title_line_height=&#8221;1.2em&#8221; content_font_size=&#8221;20px&#8221; content_line_height=&#8221;1.8em&#8221; background_color=&#8221;rgba(255,255,255,0)&#8221; background_color_gradient_direction=&#8221;90deg&#8221; background_image=&#8221;https:\/\/meublesneova.fr\/wp-content\/uploads\/2019\/09\/2023.jpg&#8221; background_position=&#8221;top_center&#8221; custom_button_one=&#8221;on&#8221; button_one_text_size=&#8221;18px&#8221; button_one_bg_color=&#8221;#02d002&#8243; button_one_border_width=&#8221;8px&#8221; button_one_border_color=&#8221;#02d002&#8243; button_one_border_radius=&#8221;0px&#8221; button_one_letter_spacing=&#8221;1px&#8221; button_one_font=&#8221;Lato|700|||||||&#8221; button_one_use_icon=&#8221;off&#8221; custom_button_two=&#8221;on&#8221; button_two_text_size=&#8221;18px&#8221; button_two_text_color=&#8221;#353740&#8243; button_two_bg_color=&#8221;#ffffff&#8221; button_two_border_width=&#8221;8px&#8221; button_two_border_color=&#8221;#ffffff&#8221; button_two_border_radius=&#8221;0px&#8221; button_two_letter_spacing=&#8221;1px&#8221; button_two_font=&#8221;Lato|700|||||||&#8221; button_two_use_icon=&#8221;off&#8221; custom_margin=&#8221;|||&#8221; custom_padding=&#8221;8%||8%|&#8221; button_one_letter_spacing_hover=&#8221;1px&#8221; button_two_letter_spacing_hover=&#8221;1px&#8221; locked=&#8221;off&#8221; global_colors_info=&#8221;{}&#8221; button_one_text_size__hover_enabled=&#8221;off&#8221; button_two_text_size__hover_enabled=&#8221;off&#8221; button_one_text_color__hover_enabled=&#8221;off&#8221; button_two_text_color__hover_enabled=&#8221;off&#8221; button_one_border_width__hover_enabled=&#8221;off&#8221; button_two_border_width__hover_enabled=&#8221;off&#8221; button_one_border_color__hover_enabled=&#8221;off&#8221; button_two_border_color__hover_enabled=&#8221;off&#8221; button_one_border_radius__hover_enabled=&#8221;off&#8221; button_two_border_radius__hover_enabled=&#8221;off&#8221; button_one_letter_spacing__hover_enabled=&#8221;on&#8221; button_one_letter_spacing__hover=&#8221;1px&#8221; button_two_letter_spacing__hover_enabled=&#8221;on&#8221; button_two_letter_spacing__hover=&#8221;1px&#8221; button_one_bg_color__hover_enabled=&#8221;off&#8221; button_two_bg_color__hover_enabled=&#8221;off&#8221;][\/et_pb_fullwidth_header][\/et_pb_section][et_pb_section fb_built=&#8221;1&#8243; _builder_version=&#8221;4.16&#8243; global_colors_info=&#8221;{}&#8221;][et_pb_row column_structure=&#8221;1_2,1_2&#8243; _builder_version=&#8221;4.16&#8243; custom_padding=&#8221;30px|0px|0px|0px|false|false&#8221; global_colors_info=&#8221;{}&#8221;][et_pb_column type=&#8221;1_2&#8243; _builder_version=&#8221;4.16&#8243; custom_padding=&#8221;|||&#8221; global_colors_info=&#8221;{}&#8221; custom_padding__hover=&#8221;|||&#8221;][et_pb_image src=&#8221;https:\/\/meublesneova.fr\/wp-content\/uploads\/2020\/01\/GIF-logo-N\u00e9ova.gif&#8221; align_tablet=&#8221;center&#8221; align_phone=&#8221;&#8221; align_last_edited=&#8221;on|desktop&#8221; _builder_version=&#8221;4.16&#8243; width=&#8221;60%&#8221; max_width=&#8221;61%&#8221; module_alignment=&#8221;center&#8221; global_colors_info=&#8221;{}&#8221;][\/et_pb_image][et_pb_text _builder_version=&#8221;4.21.0&#8243; text_font=&#8221;Open Sans||||||||&#8221; hover_enabled=&#8221;0&#8243; global_colors_info=&#8221;{}&#8221; sticky_enabled=&#8221;0&#8243;]<\/p>\n<p style=\"text-align: center;\"><span style=\"font-size: medium;\"><i class=\"fa fa-envelope \" ><\/i> Parc d&#8217;activit\u00e9s du Cormier<\/span><br \/><span style=\"font-size: medium;\">21, rue de la Gatine<\/span><br \/><span style=\"font-size: medium;\">BP 91981 &#8211; 49319 CHOLET CEDEX<br \/>FRANCE<\/span><span style=\"font-size: medium;\"><\/span><\/p>\n<p style=\"text-align: center;\"><span style=\"font-size: medium;\">Mrs Gwenaelle PAGES &#8211; Export Manager<br \/>gwenaelle.pages@groupe-mds.fr<br \/><\/span><\/p>\n<p style=\"text-align: center;\"><span style=\"font-size: medium;\"><\/span><\/p>\n<p style=\"text-align: center;\"><span style=\"font-size: medium;\"><i class=\"fa fa-phone \" ><\/i> +33 2 41 75 24 75<\/span><br \/><span style=\"font-size: medium;\"><i class=\"fa fa-phone \" ><\/i> +33 6 11 90 14 01<\/span><\/p>\n<p>[\/et_pb_text][et_pb_code _builder_version=&#8221;4.21.0&#8243; _module_preset=&#8221;default&#8221; hover_enabled=&#8221;0&#8243; global_colors_info=&#8221;{}&#8221; sticky_enabled=&#8221;0&#8243;]<iframe loading=\"lazy\" src=\"https:\/\/www.google.com\/maps\/embed?pb=!1m18!1m12!1m3!1d2719.265942864404!2d-0.9228314843892226!3d47.035012079150846!2m3!1f0!2f0!3f0!3m2!1i1024!2i768!4f13.1!3m3!1m2!1s0x480643b8087c4c4f%3A0x562359744c5a7230!2sNeoform%20Industries!5e0!3m2!1sfr!2sfr!4v1614091814681!5m2!1sfr!2sfr\" width=\"600\" height=\"450\" allowfullscreen=\"\"><\/iframe>[\/et_pb_code][\/et_pb_column][et_pb_column type=&#8221;1_2&#8243; _builder_version=&#8221;4.16&#8243; custom_padding=&#8221;|||&#8221; global_colors_info=&#8221;{}&#8221; custom_padding__hover=&#8221;|||&#8221;][et_pb_text _builder_version=&#8221;4.21.0&#8243; text_font=&#8221;Open Sans||||||||&#8221; text_font_size=&#8221;14px&#8221; text_letter_spacing=&#8221;1px&#8221; global_colors_info=&#8221;{}&#8221;]<\/p>\n<p><strong><em><span style=\"color: #800000;\">*Mandatory details<\/span><\/em><\/strong><\/p>\n<p>[\/et_pb_text][et_pb_contact_form email=&#8221;c-manceau@neoform.fr&#8221; title=&#8221;contact us&#8221; success_message=&#8221;Votre mail a bien \u00e9t\u00e9 envoy\u00e9 ! Merci.&#8221; submit_button_text=&#8221;Envoyer&#8221; _builder_version=&#8221;4.21.0&#8243; _unique_id=&#8221;fac94b0e-aa36-463c-934c-d8ddc42b3200&#8243; form_field_background_color=&#8221;#d3d3d3&#8243; title_font=&#8221;Montserrat||||||||&#8221; title_font_size=&#8221;15px&#8221; title_letter_spacing=&#8221;1px&#8221; custom_button=&#8221;on&#8221; button_text_color=&#8221;#d3d3d3&#8243; form_background_color=&#8221;#d3d3d3&#8243; global_colors_info=&#8221;{}&#8221;][et_pb_contact_field field_id=&#8221;Mr\/Mrs*&#8221; field_title=&#8221;Mr\/Mrs*&#8221; field_type=&#8221;select&#8221; select_options=&#8221;%91{%22value%22:%22Mr%22,%22checked%22:0,%22dragID%22:0},{%22value%22:%22Ms%22,%22checked%22:0,%22dragID%22:1}%93&#8243; fullwidth_field=&#8221;on&#8221; _builder_version=&#8221;4.21.0&#8243; global_colors_info=&#8221;{}&#8221;][\/et_pb_contact_field][et_pb_contact_field field_id=&#8221;Nom*&#8221; field_title=&#8221;Last Name*&#8221; min_length=&#8221;1&#8243; max_length=&#8221;25&#8243; allowed_symbols=&#8221;letters&#8221; _builder_version=&#8221;4.21.0&#8243; global_colors_info=&#8221;{}&#8221;][\/et_pb_contact_field][et_pb_contact_field field_id=&#8221;Pr\u00e9nom*&#8221; field_title=&#8221;First Name*&#8221; min_length=&#8221;1&#8243; max_length=&#8221;25&#8243; allowed_symbols=&#8221;letters&#8221; _builder_version=&#8221;4.21.0&#8243; global_colors_info=&#8221;{}&#8221;][\/et_pb_contact_field][et_pb_contact_field field_id=&#8221;COMPANY&#8221; field_title=&#8221;Company&#8221; max_length=&#8221;70&#8243; required_mark=&#8221;off&#8221; _builder_version=&#8221;4.21.0&#8243; _module_preset=&#8221;default&#8221; global_colors_info=&#8221;{}&#8221;][\/et_pb_contact_field][et_pb_contact_field field_id=&#8221;VAT_number&#8221; field_title=&#8221;VAT number&#8221; max_length=&#8221;60&#8243; required_mark=&#8221;off&#8221; _builder_version=&#8221;4.21.0&#8243; _module_preset=&#8221;default&#8221; global_colors_info=&#8221;{}&#8221;][\/et_pb_contact_field][et_pb_contact_field field_id=&#8221;Position*&#8221; field_title=&#8221;Address*&#8221; max_length=&#8221;60&#8243; _builder_version=&#8221;4.21.0&#8243; global_colors_info=&#8221;{}&#8221;][\/et_pb_contact_field][et_pb_contact_field field_id=&#8221;Mail*&#8221; field_title=&#8221;Mail*&#8221; field_type=&#8221;email&#8221; _builder_version=&#8221;4.21.0&#8243; global_colors_info=&#8221;{}&#8221;][\/et_pb_contact_field][et_pb_contact_field field_id=&#8221;Phone*&#8221; field_title=&#8221;Phone*&#8221; allowed_symbols=&#8221;numbers&#8221; _builder_version=&#8221;4.21.0&#8243; global_colors_info=&#8221;{}&#8221;][\/et_pb_contact_field][et_pb_contact_field field_id=&#8221;Code_Postal*&#8221; field_title=&#8221;Postal code*&#8221; _builder_version=&#8221;4.21.0&#8243; global_colors_info=&#8221;{}&#8221;][\/et_pb_contact_field][et_pb_contact_field field_id=&#8221;town*&#8221; field_title=&#8221;Town*&#8221; _builder_version=&#8221;4.21.0&#8243; global_colors_info=&#8221;{}&#8221;][\/et_pb_contact_field][et_pb_contact_field field_id=&#8221;Country*&#8221; field_title=&#8221;Country*&#8221; _builder_version=&#8221;4.21.0&#8243; global_colors_info=&#8221;{}&#8221;][\/et_pb_contact_field][et_pb_contact_field field_id=&#8221;Objet*&#8221; field_title=&#8221;Subject*&#8221; fullwidth_field=&#8221;on&#8221; _builder_version=&#8221;4.21.0&#8243; global_colors_info=&#8221;{}&#8221;][\/et_pb_contact_field][et_pb_contact_field field_id=&#8221;Message*&#8221; field_title=&#8221;Message*&#8221; field_type=&#8221;text&#8221; fullwidth_field=&#8221;on&#8221; _builder_version=&#8221;4.16&#8243; global_colors_info=&#8221;{}&#8221;][\/et_pb_contact_field][\/et_pb_contact_form][et_pb_text _builder_version=&#8221;4.21.0&#8243; _module_preset=&#8221;default&#8221; text_font=&#8221;Open Sans||||||||&#8221; text_text_color=&#8221;#000000&#8243; text_font_size=&#8221;10px&#8221; header_text_color=&#8221;#000000&#8243; global_colors_info=&#8221;{}&#8221; header_text_color__hover_enabled=&#8221;on|hover&#8221; header_text_color__hover=&#8221;#000000&#8243; text_text_color__hover_enabled=&#8221;on|desktop&#8221; text_text_color__hover=&#8221;#000000&#8243;]<\/p>\n<p><span style=\"font-size: x-small;\"><em>To find out more about the management of your personal data and to apply your rignts, see our <span style=\"color: #0a0a0a;\"><span style=\"text-decoration: underline;\"><a style=\"color: #0a0a0a; text-decoration: underline;\" href=\"https:\/\/meublesneova.fr\/politique-de-cookies\/\" target=\"_blank\" rel=\"noopener\">private policy<\/a><\/span>.<\/span><\/em><\/span><\/p>\n<p>[\/et_pb_text][\/et_pb_column][\/et_pb_row][\/et_pb_section]<\/p>\n","protected":false},"excerpt":{"rendered":"<p><i class=\"fa fa-envelope \" ><\/i> Parc d&#8217;activit\u00e9s du Cormier21, rue de la GatineBP 91981 &#8211; 49319 CHOLET CEDEXFRANCE Mrs Gwenaelle PAGES &#8211; Export Managergwenaelle.pages@groupe-mds.fr <i class=\"fa fa-phone \" ><\/i> +33 2 41 75 24 75<i class=\"fa fa-phone \" ><\/i> +33 6 11 90 14 01*Mandatory detailsTo find out more about the management of your personal data and to [&hellip;]<\/p>\n","protected":false},"author":6,"featured_media":0,"parent":0,"menu_order":0,"comment_status":"closed","ping_status":"closed","template":"","meta":{"_et_pb_use_builder":"on","_et_pb_old_content":"","_et_gb_content_width":"","_monsterinsights_skip_tracking":false,"_monsterinsights_sitenote_active":false,"_monsterinsights_sitenote_note":"","_monsterinsights_sitenote_category":0,"footnotes":""},"class_list":["post-220711","page","type-page","status-publish","hentry"],"yoast_head":"<!-- This site is optimized with the Yoast SEO plugin v27.5 - https:\/\/yoast.com\/product\/yoast-seo-wordpress\/ -->\n<title>N\u00e9ova - NEOVA - Contact details<\/title>\n<meta name=\"description\" content=\"A question, a need, fill in the Neova contact form and send us your demand!\" \/>\n<meta name=\"robots\" content=\"index, follow, max-snippet:-1, max-image-preview:large, max-video-preview:-1\" \/>\n<link rel=\"canonical\" href=\"https:\/\/www.meublesneova.fr\/en\/contact-neova-contact-details\/\" \/>\n<meta property=\"og:locale\" content=\"en_US\" \/>\n<meta property=\"og:type\" content=\"article\" \/>\n<meta property=\"og:title\" content=\"N\u00e9ova - NEOVA - Contact details\" \/>\n<meta property=\"og:description\" content=\"A question, a need, fill in the Neova contact form and send us your demand!\" \/>\n<meta property=\"og:url\" content=\"https:\/\/www.meublesneova.fr\/en\/contact-neova-contact-details\/\" \/>\n<meta property=\"og:site_name\" content=\"N\u00e9ova\" \/>\n<meta property=\"article:modified_time\" content=\"2023-07-31T08:19:09+00:00\" \/>\n<meta name=\"twitter:card\" content=\"summary_large_image\" \/>\n<meta name=\"twitter:label1\" content=\"Est. reading time\" \/>\n\t<meta name=\"twitter:data1\" content=\"2 minutes\" \/>\n<script type=\"application\/ld+json\" class=\"yoast-schema-graph\">{\"@context\":\"https:\\\/\\\/schema.org\",\"@graph\":[{\"@type\":\"WebPage\",\"@id\":\"https:\\\/\\\/www.meublesneova.fr\\\/en\\\/contact-neova-contact-details\\\/\",\"url\":\"https:\\\/\\\/www.meublesneova.fr\\\/en\\\/contact-neova-contact-details\\\/\",\"name\":\"N\u00e9ova - NEOVA - Contact details\",\"isPartOf\":{\"@id\":\"https:\\\/\\\/www.meublesneova.fr\\\/en\\\/#website\"},\"datePublished\":\"2023-07-19T08:21:56+00:00\",\"dateModified\":\"2023-07-31T08:19:09+00:00\",\"description\":\"A question, a need, fill in the Neova contact form and send us your demand!\",\"breadcrumb\":{\"@id\":\"https:\\\/\\\/www.meublesneova.fr\\\/en\\\/contact-neova-contact-details\\\/#breadcrumb\"},\"inLanguage\":\"en-US\",\"potentialAction\":[{\"@type\":\"ReadAction\",\"target\":[\"https:\\\/\\\/www.meublesneova.fr\\\/en\\\/contact-neova-contact-details\\\/\"]}]},{\"@type\":\"BreadcrumbList\",\"@id\":\"https:\\\/\\\/www.meublesneova.fr\\\/en\\\/contact-neova-contact-details\\\/#breadcrumb\",\"itemListElement\":[{\"@type\":\"ListItem\",\"position\":1,\"name\":\"Accueil N\u00e9ova\",\"item\":\"https:\\\/\\\/www.meublesneova.fr\\\/en\\\/\"},{\"@type\":\"ListItem\",\"position\":2,\"name\":\"NEOVA &#8211; Contact\"}]},{\"@type\":\"WebSite\",\"@id\":\"https:\\\/\\\/www.meublesneova.fr\\\/en\\\/#website\",\"url\":\"https:\\\/\\\/www.meublesneova.fr\\\/en\\\/\",\"name\":\"N\u00e9ova\",\"description\":\"Partenaire de tous vos projets immobiliers\",\"publisher\":{\"@id\":\"https:\\\/\\\/www.meublesneova.fr\\\/en\\\/#organization\"},\"potentialAction\":[{\"@type\":\"SearchAction\",\"target\":{\"@type\":\"EntryPoint\",\"urlTemplate\":\"https:\\\/\\\/www.meublesneova.fr\\\/en\\\/?s={search_term_string}\"},\"query-input\":{\"@type\":\"PropertyValueSpecification\",\"valueRequired\":true,\"valueName\":\"search_term_string\"}}],\"inLanguage\":\"en-US\"},{\"@type\":\"Organization\",\"@id\":\"https:\\\/\\\/www.meublesneova.fr\\\/en\\\/#organization\",\"name\":\"N\u00e9ova\",\"url\":\"https:\\\/\\\/www.meublesneova.fr\\\/en\\\/\",\"logo\":{\"@type\":\"ImageObject\",\"inLanguage\":\"en-US\",\"@id\":\"https:\\\/\\\/www.meublesneova.fr\\\/en\\\/#\\\/schema\\\/logo\\\/image\\\/\",\"url\":\"https:\\\/\\\/meublesneova.fr\\\/wp-content\\\/uploads\\\/2020\\\/01\\\/Neova_Logo-2019_.jpg\",\"contentUrl\":\"https:\\\/\\\/meublesneova.fr\\\/wp-content\\\/uploads\\\/2020\\\/01\\\/Neova_Logo-2019_.jpg\",\"width\":596,\"height\":251,\"caption\":\"N\u00e9ova\"},\"image\":{\"@id\":\"https:\\\/\\\/www.meublesneova.fr\\\/en\\\/#\\\/schema\\\/logo\\\/image\\\/\"},\"sameAs\":[\"https:\\\/\\\/www.youtube.com\\\/channel\\\/UCNQM0lJpFXplMN9xeiIkgog?view_as=subscriber\"]}]}<\/script>\n<!-- \/ Yoast SEO plugin. -->","yoast_head_json":{"title":"N\u00e9ova - NEOVA - Contact details","description":"A question, a need, fill in the Neova contact form and send us your demand!","robots":{"index":"index","follow":"follow","max-snippet":"max-snippet:-1","max-image-preview":"max-image-preview:large","max-video-preview":"max-video-preview:-1"},"canonical":"https:\/\/www.meublesneova.fr\/en\/contact-neova-contact-details\/","og_locale":"en_US","og_type":"article","og_title":"N\u00e9ova - NEOVA - Contact details","og_description":"A question, a need, fill in the Neova contact form and send us your demand!","og_url":"https:\/\/www.meublesneova.fr\/en\/contact-neova-contact-details\/","og_site_name":"N\u00e9ova","article_modified_time":"2023-07-31T08:19:09+00:00","twitter_card":"summary_large_image","twitter_misc":{"Est. reading time":"2 minutes"},"schema":{"@context":"https:\/\/schema.org","@graph":[{"@type":"WebPage","@id":"https:\/\/www.meublesneova.fr\/en\/contact-neova-contact-details\/","url":"https:\/\/www.meublesneova.fr\/en\/contact-neova-contact-details\/","name":"N\u00e9ova - NEOVA - Contact details","isPartOf":{"@id":"https:\/\/www.meublesneova.fr\/en\/#website"},"datePublished":"2023-07-19T08:21:56+00:00","dateModified":"2023-07-31T08:19:09+00:00","description":"A question, a need, fill in the Neova contact form and send us your demand!","breadcrumb":{"@id":"https:\/\/www.meublesneova.fr\/en\/contact-neova-contact-details\/#breadcrumb"},"inLanguage":"en-US","potentialAction":[{"@type":"ReadAction","target":["https:\/\/www.meublesneova.fr\/en\/contact-neova-contact-details\/"]}]},{"@type":"BreadcrumbList","@id":"https:\/\/www.meublesneova.fr\/en\/contact-neova-contact-details\/#breadcrumb","itemListElement":[{"@type":"ListItem","position":1,"name":"Accueil N\u00e9ova","item":"https:\/\/www.meublesneova.fr\/en\/"},{"@type":"ListItem","position":2,"name":"NEOVA &#8211; Contact"}]},{"@type":"WebSite","@id":"https:\/\/www.meublesneova.fr\/en\/#website","url":"https:\/\/www.meublesneova.fr\/en\/","name":"N\u00e9ova","description":"Partenaire de tous vos projets immobiliers","publisher":{"@id":"https:\/\/www.meublesneova.fr\/en\/#organization"},"potentialAction":[{"@type":"SearchAction","target":{"@type":"EntryPoint","urlTemplate":"https:\/\/www.meublesneova.fr\/en\/?s={search_term_string}"},"query-input":{"@type":"PropertyValueSpecification","valueRequired":true,"valueName":"search_term_string"}}],"inLanguage":"en-US"},{"@type":"Organization","@id":"https:\/\/www.meublesneova.fr\/en\/#organization","name":"N\u00e9ova","url":"https:\/\/www.meublesneova.fr\/en\/","logo":{"@type":"ImageObject","inLanguage":"en-US","@id":"https:\/\/www.meublesneova.fr\/en\/#\/schema\/logo\/image\/","url":"https:\/\/meublesneova.fr\/wp-content\/uploads\/2020\/01\/Neova_Logo-2019_.jpg","contentUrl":"https:\/\/meublesneova.fr\/wp-content\/uploads\/2020\/01\/Neova_Logo-2019_.jpg","width":596,"height":251,"caption":"N\u00e9ova"},"image":{"@id":"https:\/\/www.meublesneova.fr\/en\/#\/schema\/logo\/image\/"},"sameAs":["https:\/\/www.youtube.com\/channel\/UCNQM0lJpFXplMN9xeiIkgog?view_as=subscriber"]}]}},"_links":{"self":[{"href":"https:\/\/www.meublesneova.fr\/en\/wp-json\/wp\/v2\/pages\/220711","targetHints":{"allow":["GET"]}}],"collection":[{"href":"https:\/\/www.meublesneova.fr\/en\/wp-json\/wp\/v2\/pages"}],"about":[{"href":"https:\/\/www.meublesneova.fr\/en\/wp-json\/wp\/v2\/types\/page"}],"author":[{"embeddable":true,"href":"https:\/\/www.meublesneova.fr\/en\/wp-json\/wp\/v2\/users\/6"}],"replies":[{"embeddable":true,"href":"https:\/\/www.meublesneova.fr\/en\/wp-json\/wp\/v2\/comments?post=220711"}],"version-history":[{"count":18,"href":"https:\/\/www.meublesneova.fr\/en\/wp-json\/wp\/v2\/pages\/220711\/revisions"}],"predecessor-version":[{"id":221053,"href":"https:\/\/www.meublesneova.fr\/en\/wp-json\/wp\/v2\/pages\/220711\/revisions\/221053"}],"wp:attachment":[{"href":"https:\/\/www.meublesneova.fr\/en\/wp-json\/wp\/v2\/media?parent=220711"}],"curies":[{"name":"wp","href":"https:\/\/api.w.org\/{rel}","templated":true}]}}