{"id":220458,"date":"2023-06-21T14:11:41","date_gmt":"2023-06-21T12:11:41","guid":{"rendered":"https:\/\/siteswebneoform.fr\/neovaml\/cuisine-sousevier-poubelles-copy"},"modified":"2023-07-21T10:52:30","modified_gmt":"2023-07-21T08:52:30","slug":"kitchen-sink-cabinet-recycling-bin","status":"publish","type":"page","link":"https:\/\/www.meublesneova.fr\/en\/kitchen-sink-cabinet-recycling-bin\/","title":{"rendered":"KITCHEN &#8211; RECYCLING BIN"},"content":{"rendered":"<p>[et_pb_section fb_built=&#8221;1&#8243; admin_label=&#8221;Hero section&#8221; _builder_version=&#8221;4.16&#8243; use_background_color_gradient=&#8221;on&#8221; background_color_gradient_stops=&#8221;rgba(204,164,66,0.8) 0%|rgba(62,122,127,0.8) 100%&#8221; background_color_gradient_overlays_image=&#8221;on&#8221; background_color_gradient_start=&#8221;rgba(204,164,66,0.8)&#8221; background_color_gradient_end=&#8221;rgba(62,122,127,0.8)&#8221; background_image=&#8221;https:\/\/meublesneova.fr\/wp-content\/uploads\/2019\/03\/J1154A_panoralarger.jpg&#8221; background_position=&#8221;top_center&#8221; custom_margin=&#8221;|||&#8221; custom_padding=&#8221;4.4%||2.6%||false|false&#8221; global_colors_info=&#8221;{}&#8221;][et_pb_row column_structure=&#8221;2_3,1_3&#8243; _builder_version=&#8221;4.16&#8243; custom_margin=&#8221;|||&#8221; global_colors_info=&#8221;{}&#8221;][et_pb_column type=&#8221;2_3&#8243; _builder_version=&#8221;4.16&#8243; custom_padding=&#8221;1px|||&#8221; global_colors_info=&#8221;{}&#8221; custom_padding__hover=&#8221;|||&#8221;][et_pb_cta title=&#8221;Poubelles \u00e0\u00a0 tri-s\u00e9lectif&#8221; url_new_window=&#8221;on&#8221; _builder_version=&#8221;4.16&#8243; header_level=&#8221;h1&#8243; header_font=&#8221;Lato|900||on|||||&#8221; header_font_size=&#8221;50px&#8221; header_letter_spacing=&#8221;2px&#8221; header_line_height=&#8221;1.2em&#8221; body_font=&#8221;Lato||||||||&#8221; body_font_size=&#8221;20px&#8221; body_line_height=&#8221;1.8em&#8221; use_background_color=&#8221;off&#8221; custom_button=&#8221;on&#8221; button_text_size=&#8221;16px&#8221; button_text_color=&#8221;#ffffff&#8221; button_bg_color=&#8221;#d6b200&#8243; button_border_width=&#8221;6px&#8221; button_border_color=&#8221;#d6b200&#8243; button_border_radius=&#8221;5px&#8221; button_letter_spacing=&#8221;2px&#8221; button_font=&#8221;Lato|900||on|||||&#8221; text_orientation=&#8221;left&#8221; max_width=&#8221;750px&#8221; module_alignment=&#8221;left&#8221; animation_style=&#8221;fold&#8221; animation_intensity_fold=&#8221;16%&#8221; header_font_size_tablet=&#8221;46px&#8221; header_font_size_phone=&#8221;&#8221; header_font_size_last_edited=&#8221;on|tablet&#8221; header_text_shadow_style=&#8221;preset1&#8243; header_text_shadow_blur_strength=&#8221;0.6em&#8221; header_text_shadow_color=&#8221;rgba(0,0,0,0.6)&#8221; box_shadow_style_button=&#8221;preset3&#8243; box_shadow_blur_button=&#8221;30px&#8221; box_shadow_spread_button=&#8221;8px&#8221; box_shadow_color_button=&#8221;rgba(250,127,40,0.15)&#8221; global_colors_info=&#8221;{}&#8221; button_text_size__hover_enabled=&#8221;off&#8221; button_text_size__hover=&#8221;null&#8221; button_one_text_size__hover_enabled=&#8221;off&#8221; button_one_text_size__hover=&#8221;null&#8221; button_two_text_size__hover_enabled=&#8221;off&#8221; button_two_text_size__hover=&#8221;null&#8221; button_text_color__hover_enabled=&#8221;off&#8221; button_text_color__hover=&#8221;null&#8221; button_one_text_color__hover_enabled=&#8221;off&#8221; button_one_text_color__hover=&#8221;null&#8221; button_two_text_color__hover_enabled=&#8221;off&#8221; button_two_text_color__hover=&#8221;null&#8221; button_border_width__hover_enabled=&#8221;off&#8221; button_border_width__hover=&#8221;null&#8221; button_one_border_width__hover_enabled=&#8221;off&#8221; button_one_border_width__hover=&#8221;null&#8221; button_two_border_width__hover_enabled=&#8221;off&#8221; button_two_border_width__hover=&#8221;null&#8221; button_border_color__hover_enabled=&#8221;off&#8221; button_border_color__hover=&#8221;null&#8221; button_one_border_color__hover_enabled=&#8221;off&#8221; button_one_border_color__hover=&#8221;null&#8221; button_two_border_color__hover_enabled=&#8221;off&#8221; button_two_border_color__hover=&#8221;null&#8221; button_border_radius__hover_enabled=&#8221;off&#8221; button_border_radius__hover=&#8221;null&#8221; button_one_border_radius__hover_enabled=&#8221;off&#8221; button_one_border_radius__hover=&#8221;null&#8221; button_two_border_radius__hover_enabled=&#8221;off&#8221; button_two_border_radius__hover=&#8221;null&#8221; button_letter_spacing__hover_enabled=&#8221;on&#8221; button_letter_spacing__hover=&#8221;2px&#8221; button_one_letter_spacing__hover_enabled=&#8221;off&#8221; button_one_letter_spacing__hover=&#8221;null&#8221; button_two_letter_spacing__hover_enabled=&#8221;off&#8221; button_two_letter_spacing__hover=&#8221;null&#8221; button_bg_color__hover_enabled=&#8221;off&#8221; button_bg_color__hover=&#8221;null&#8221; button_one_bg_color__hover_enabled=&#8221;off&#8221; button_one_bg_color__hover=&#8221;null&#8221; button_two_bg_color__hover_enabled=&#8221;off&#8221; button_two_bg_color__hover=&#8221;null&#8221;][\/et_pb_cta][\/et_pb_column][et_pb_column type=&#8221;1_3&#8243; _builder_version=&#8221;4.16&#8243; custom_padding=&#8221;|||&#8221; global_colors_info=&#8221;{}&#8221; custom_padding__hover=&#8221;|||&#8221;][\/et_pb_column][\/et_pb_row][\/et_pb_section][et_pb_section fb_built=&#8221;1&#8243; _builder_version=&#8221;4.16&#8243; custom_padding=&#8221;30px|0px|0|0px|false|false&#8221; animation_style=&#8221;fade&#8221; global_colors_info=&#8221;{}&#8221;][et_pb_row make_equal=&#8221;on&#8221; _builder_version=&#8221;4.21.0&#8243; custom_margin=&#8221;50px|135px|50px|auto||&#8221; custom_padding=&#8221;20px|20px|20px|20px&#8221; box_shadow_style=&#8221;preset2&#8243; global_colors_info=&#8221;{}&#8221;][et_pb_column type=&#8221;4_4&#8243; _builder_version=&#8221;4.16&#8243; background_color_gradient_direction=&#8221;35deg&#8221; custom_padding=&#8221;|||&#8221; global_colors_info=&#8221;{}&#8221; custom_padding__hover=&#8221;|||&#8221;][et_pb_text _builder_version=&#8221;4.21.0&#8243; header_text_align=&#8221;left&#8221; header_text_color=&#8221;#2b2b2b&#8221; header_line_height=&#8221;1.3em&#8221; header_2_font=&#8221;Playfair Display|700|||||||&#8221; header_2_text_align=&#8221;left&#8221; header_2_text_color=&#8221;#2b2b2b&#8221; header_2_font_size=&#8221;42px&#8221; header_2_line_height=&#8221;1.5em&#8221; text_orientation=&#8221;center&#8221; module_alignment=&#8221;center&#8221; custom_margin=&#8221;||10px|&#8221; global_colors_info=&#8221;{}&#8221;]<\/p>\n<h4 style=\"text-align: left;\">RECYCLING BIN<\/h4>\n<p>[\/et_pb_text][et_pb_divider color=&#8221;#000000&#8243; divider_weight=&#8221;3px&#8221; disabled_on=&#8221;on|on|off&#8221; _builder_version=&#8221;4.16&#8243; max_width=&#8221;80px&#8221; module_alignment=&#8221;left&#8221; height=&#8221;10px&#8221; custom_margin=&#8221;||20px|&#8221; animation_style=&#8221;slide&#8221; animation_direction=&#8221;bottom&#8221; saved_tabs=&#8221;all&#8221; locked=&#8221;off&#8221; global_colors_info=&#8221;{}&#8221;][\/et_pb_divider][et_pb_tabs active_tab_background_color=&#8221;#cca442&#8243; active_tab_text_color=&#8221;#ffffff&#8221; admin_label=&#8221;Poubelles &#8221; _builder_version=&#8221;4.21.0&#8243; tab_text_color=&#8221;#000000&#8243; body_font_size=&#8221;12px&#8221; tab_font_size=&#8221;13px&#8221; tab_line_height=&#8221;1.2em&#8221; custom_padding=&#8221;|||11px||&#8221; hover_enabled=&#8221;0&#8243; global_colors_info=&#8221;{}&#8221; sticky_enabled=&#8221;0&#8243;][et_pb_tab title=&#8221;RECYCLING BIN 2 x 7,5 Litre&#8221; _builder_version=&#8221;4.21.0&#8243; global_colors_info=&#8221;{}&#8221;]<\/p>\n<p>&nbsp;<\/p>\n<table style=\"height: 286px; width: 1098px; border-color: #ffffff; background-color: #ffffff;\">\n<tbody>\n<tr>\n<td style=\"border-color: #ffffff; background-color: #ffffff; width: 876px;\">\n<h3>RECYCLING BIN &#8211; 2 x 7,5 Litre<\/h3>\n<p><strong>Width : <\/strong>230 mm<br \/><strong>Height : <\/strong>360 mm<strong><br \/>Depth : <\/strong>380 mm<\/p>\n<p><span style=\"color: #333333; font-size: 22px;\">Technical description :<\/span><\/p>\n<p>Composed of 2 compartments waste with a 7,5 Litre capacity for each compartment.<br \/>Automatic lift&#8217;s lid and pull out bin by sliding rails when opening of the door.<br \/>Compartments with colored handles which ease waste recycling.<\/p>\n<h4>Code :<\/h4>\n<ul>\n<li><span style=\"color: #000080;\"><strong> \u00a0S10Z88275 &#8211; 2 x 7,5 Litre<\/strong><\/span><\/li>\n<\/ul>\n<\/td>\n<td style=\"border-color: #ffffff; background-color: #ffffff; width: 333px;\"><\/td>\n<\/tr>\n<\/tbody>\n<\/table>\n<h3 style=\"text-align: right;\"><a href=\"https:\/\/www.calameo.com\/read\/005923621775f99c01525\" target=\"_blank\" rel=\"noopener noreferrer\">Technical sheet<\/a><\/h3>\n<p>[\/et_pb_tab][et_pb_tab title=&#8221;RECYCLING BIN 2 x 14 litres&#8221; _builder_version=&#8221;4.21.0&#8243; hover_enabled=&#8221;0&#8243; global_colors_info=&#8221;{}&#8221; sticky_enabled=&#8221;0&#8243;]<\/p>\n<p>&nbsp;<\/p>\n<table style=\"height: 337px; width: 1055px; border-color: #ffffff; background-color: #ffffff;\">\n<tbody>\n<tr>\n<td style=\"border-color: #ffffff; background-color: #ffffff; width: 977.8px;\">\n<h3>RECYCLING BIN &#8211; 2 x 14 litres<\/h3>\n<p><strong>Width : <\/strong>255 mm<br \/><strong>Height : <\/strong>400 mm<br \/><strong>Depth : <\/strong>450 mm<\/p>\n<h3>Technical description :<\/h3>\n<p>Composed of 2 compartments waste with a 14 Litre capacity for each compartment.<br \/>Automatic lift&#8217;s lid and pull out bin by sliding rails when opening of the door.<br \/>Compartments with colored handles which ease waste recycling.<\/p>\n<p><span style=\"font-family: Armata, Helvetica, Arial, Lucida, sans-serif; font-size: 24px;\">Code :<\/span><\/p>\n<ul>\n<li><span style=\"color: #000080;\"><strong>S15Z88140 &#8211; 2 x 14 Litre<\/strong><\/span><span style=\"color: #e02b20;\"><em><\/em><\/span><\/li>\n<\/ul>\n<\/td>\n<td style=\"border-color: #ffffff; background-color: #ffffff; width: 168.2px;\"><\/td>\n<\/tr>\n<\/tbody>\n<\/table>\n<h3 style=\"text-align: right;\"><a href=\"https:\/\/www.calameo.com\/read\/005923621fa68f8987479\" target=\"_blank\" rel=\"noopener noreferrer\"><i class=\"fa fa-file-pdf-o \" ><\/i> Fiche Technique<\/a><\/h3>\n<p>[\/et_pb_tab][et_pb_tab title=&#8221;RECYCLING BIN 2 x 21 litres&#8221; _builder_version=&#8221;4.21.0&#8243; hover_enabled=&#8221;0&#8243; global_colors_info=&#8221;{}&#8221; sticky_enabled=&#8221;0&#8243;]<\/p>\n<table style=\"height: 496px; width: 1148px; border-color: #ffffff; background-color: #ffffff;\">\n<tbody>\n<tr>\n<td style=\"border-color: #ffffff; background-color: #ffffff; width: 1034.4px;\">\n<h3>RECYCLING BIN &#8211; 2 x 21 litres<\/h3>\n<p><strong>Width : <\/strong>343 mm<br \/><strong>Height : <\/strong>433 \u00a0mm<br \/><strong>Depth : <\/strong>475 mm<\/p>\n<h3>Technical description :<\/h3>\n<p>&nbsp;<\/p>\n<p>Composed of 2 compartments waste with a 21 Litre capacity for each compartment. Removable separator on 1 compartment.<br \/>Automatic lift&#8217;s lid and pull out bin by sliding rails when opening of the door.<br \/>Compartments with colored handles which ease waste recycling.<\/p>\n<p><span style=\"font-family: Montserrat, Helvetica, Arial, Lucida, sans-serif; font-size: 24px;\"><\/span><\/p>\n<p><span style=\"font-family: Montserrat, Helvetica, Arial, Lucida, sans-serif; font-size: 24px;\">Code :<\/span><\/p>\n<ul>\n<li><span style=\"color: #000080;\"><strong>S15Z88210 &#8211; 2 x 21 Litre<\/strong><\/span><\/li>\n<\/ul>\n<p><span style=\"color: #e02b20;\"><em>Not compatible with DISH&#8217;WASHER sink cabinet L1000 1 door and HANDY sink cabinet L1200 1 door.<\/em><\/span><\/p>\n<\/td>\n<td style=\"border-color: #ffffff; background-color: #ffffff; width: 99.2px;\"><\/td>\n<\/tr>\n<\/tbody>\n<\/table>\n<h3 style=\"text-align: right;\"><a href=\"https:\/\/www.calameo.com\/read\/0059236215b6306280e99\" target=\"_blank\" rel=\"noopener noreferrer\"><i class=\"fa fa-file-pdf-o \" ><\/i> Technical sheet<\/a><\/h3>\n<p>[\/et_pb_tab][\/et_pb_tabs][\/et_pb_column][\/et_pb_row][\/et_pb_section]<\/p>\n","protected":false},"excerpt":{"rendered":"<p>RECYCLING BIN&nbsp; RECYCLING BIN &#8211; 2 x 7,5 Litre Width : 230 mmHeight : 360 mmDepth : 380 mm Technical description : Composed of 2 compartments waste with a 7,5 Litre capacity for each compartment.Automatic lift&#8217;s lid and pull out bin by sliding rails when opening of the door.Compartments with colored handles which ease waste [&hellip;]<\/p>\n","protected":false},"author":6,"featured_media":213159,"parent":0,"menu_order":0,"comment_status":"closed","ping_status":"closed","template":"","meta":{"_et_pb_use_builder":"on","_et_pb_old_content":"","_et_gb_content_width":"","_monsterinsights_skip_tracking":false,"_monsterinsights_sitenote_active":false,"_monsterinsights_sitenote_note":"","_monsterinsights_sitenote_category":0,"footnotes":""},"class_list":["post-220458","page","type-page","status-publish","has-post-thumbnail","hentry"],"yoast_head":"<!-- This site is optimized with the Yoast SEO plugin v27.5 - https:\/\/yoast.com\/product\/yoast-seo-wordpress\/ -->\n<title>KITCHEN - RECYCLING BIN - Meuble sous-\u00e9vier d\u00e9pliable<\/title>\n<meta name=\"description\" content=\"N\u00e9ova Find out about Recycling bin, models depending on the size&#039;s cabinet.\" \/>\n<meta name=\"robots\" content=\"index, follow, max-snippet:-1, max-image-preview:large, max-video-preview:-1\" \/>\n<link rel=\"canonical\" href=\"https:\/\/www.meublesneova.fr\/en\/kitchen-sink-cabinet-recycling-bin\/\" \/>\n<meta property=\"og:locale\" content=\"en_US\" \/>\n<meta property=\"og:type\" content=\"article\" \/>\n<meta property=\"og:title\" content=\"KITCHEN - RECYCLING BIN - Meuble sous-\u00e9vier d\u00e9pliable\" \/>\n<meta property=\"og:description\" content=\"N\u00e9ova Find out about Recycling bin, models depending on the size&#039;s cabinet.\" \/>\n<meta property=\"og:url\" content=\"https:\/\/www.meublesneova.fr\/en\/kitchen-sink-cabinet-recycling-bin\/\" \/>\n<meta property=\"og:site_name\" content=\"N\u00e9ova\" \/>\n<meta property=\"article:modified_time\" content=\"2023-07-21T08:52:30+00:00\" \/>\n<meta property=\"og:image\" content=\"https:\/\/www.meublesneova.fr\/wp-content\/uploads\/2020\/01\/Poubelle-2x75-litres.jpg\" \/>\n\t<meta property=\"og:image:width\" content=\"1778\" \/>\n\t<meta property=\"og:image:height\" content=\"2403\" \/>\n\t<meta property=\"og:image:type\" content=\"image\/jpeg\" \/>\n<meta name=\"twitter:card\" content=\"summary_large_image\" \/>\n<meta name=\"twitter:label1\" content=\"Est. reading time\" \/>\n\t<meta name=\"twitter:data1\" content=\"3 minutes\" \/>\n<script type=\"application\/ld+json\" class=\"yoast-schema-graph\">{\"@context\":\"https:\\\/\\\/schema.org\",\"@graph\":[{\"@type\":\"WebPage\",\"@id\":\"https:\\\/\\\/www.meublesneova.fr\\\/en\\\/kitchen-sink-cabinet-recycling-bin\\\/\",\"url\":\"https:\\\/\\\/www.meublesneova.fr\\\/en\\\/kitchen-sink-cabinet-recycling-bin\\\/\",\"name\":\"KITCHEN - RECYCLING BIN - Meuble sous-\u00e9vier d\u00e9pliable\",\"isPartOf\":{\"@id\":\"https:\\\/\\\/www.meublesneova.fr\\\/en\\\/#website\"},\"primaryImageOfPage\":{\"@id\":\"https:\\\/\\\/www.meublesneova.fr\\\/en\\\/kitchen-sink-cabinet-recycling-bin\\\/#primaryimage\"},\"image\":{\"@id\":\"https:\\\/\\\/www.meublesneova.fr\\\/en\\\/kitchen-sink-cabinet-recycling-bin\\\/#primaryimage\"},\"thumbnailUrl\":\"https:\\\/\\\/www.meublesneova.fr\\\/wp-content\\\/uploads\\\/2020\\\/01\\\/Poubelle-2x75-litres.jpg\",\"datePublished\":\"2023-06-21T12:11:41+00:00\",\"dateModified\":\"2023-07-21T08:52:30+00:00\",\"description\":\"N\u00e9ova Find out about Recycling bin, models depending on the size's cabinet.\",\"breadcrumb\":{\"@id\":\"https:\\\/\\\/www.meublesneova.fr\\\/en\\\/kitchen-sink-cabinet-recycling-bin\\\/#breadcrumb\"},\"inLanguage\":\"en-US\",\"potentialAction\":[{\"@type\":\"ReadAction\",\"target\":[\"https:\\\/\\\/www.meublesneova.fr\\\/en\\\/kitchen-sink-cabinet-recycling-bin\\\/\"]}]},{\"@type\":\"ImageObject\",\"inLanguage\":\"en-US\",\"@id\":\"https:\\\/\\\/www.meublesneova.fr\\\/en\\\/kitchen-sink-cabinet-recycling-bin\\\/#primaryimage\",\"url\":\"https:\\\/\\\/www.meublesneova.fr\\\/wp-content\\\/uploads\\\/2020\\\/01\\\/Poubelle-2x75-litres.jpg\",\"contentUrl\":\"https:\\\/\\\/www.meublesneova.fr\\\/wp-content\\\/uploads\\\/2020\\\/01\\\/Poubelle-2x75-litres.jpg\",\"width\":1778,\"height\":2403,\"caption\":\"N\u00e9ova - \u00c9difi's Poubelle \u00e0\u00a0 tri-s\u00e9lectif pour int\u00e9gration dans les sous-\u00e9vier R\u00e9f. S10Z88275\"},{\"@type\":\"BreadcrumbList\",\"@id\":\"https:\\\/\\\/www.meublesneova.fr\\\/en\\\/kitchen-sink-cabinet-recycling-bin\\\/#breadcrumb\",\"itemListElement\":[{\"@type\":\"ListItem\",\"position\":1,\"name\":\"Accueil N\u00e9ova\",\"item\":\"https:\\\/\\\/www.meublesneova.fr\\\/en\\\/\"},{\"@type\":\"ListItem\",\"position\":2,\"name\":\"KITCHEN &#8211; RECYCLING BIN\"}]},{\"@type\":\"WebSite\",\"@id\":\"https:\\\/\\\/www.meublesneova.fr\\\/en\\\/#website\",\"url\":\"https:\\\/\\\/www.meublesneova.fr\\\/en\\\/\",\"name\":\"N\u00e9ova\",\"description\":\"Partenaire de tous vos projets immobiliers\",\"publisher\":{\"@id\":\"https:\\\/\\\/www.meublesneova.fr\\\/en\\\/#organization\"},\"potentialAction\":[{\"@type\":\"SearchAction\",\"target\":{\"@type\":\"EntryPoint\",\"urlTemplate\":\"https:\\\/\\\/www.meublesneova.fr\\\/en\\\/?s={search_term_string}\"},\"query-input\":{\"@type\":\"PropertyValueSpecification\",\"valueRequired\":true,\"valueName\":\"search_term_string\"}}],\"inLanguage\":\"en-US\"},{\"@type\":\"Organization\",\"@id\":\"https:\\\/\\\/www.meublesneova.fr\\\/en\\\/#organization\",\"name\":\"N\u00e9ova\",\"url\":\"https:\\\/\\\/www.meublesneova.fr\\\/en\\\/\",\"logo\":{\"@type\":\"ImageObject\",\"inLanguage\":\"en-US\",\"@id\":\"https:\\\/\\\/www.meublesneova.fr\\\/en\\\/#\\\/schema\\\/logo\\\/image\\\/\",\"url\":\"https:\\\/\\\/meublesneova.fr\\\/wp-content\\\/uploads\\\/2020\\\/01\\\/Neova_Logo-2019_.jpg\",\"contentUrl\":\"https:\\\/\\\/meublesneova.fr\\\/wp-content\\\/uploads\\\/2020\\\/01\\\/Neova_Logo-2019_.jpg\",\"width\":596,\"height\":251,\"caption\":\"N\u00e9ova\"},\"image\":{\"@id\":\"https:\\\/\\\/www.meublesneova.fr\\\/en\\\/#\\\/schema\\\/logo\\\/image\\\/\"},\"sameAs\":[\"https:\\\/\\\/www.youtube.com\\\/channel\\\/UCNQM0lJpFXplMN9xeiIkgog?view_as=subscriber\"]}]}<\/script>\n<!-- \/ Yoast SEO plugin. -->","yoast_head_json":{"title":"KITCHEN - RECYCLING BIN - Meuble sous-\u00e9vier d\u00e9pliable","description":"N\u00e9ova Find out about Recycling bin, models depending on the size's cabinet.","robots":{"index":"index","follow":"follow","max-snippet":"max-snippet:-1","max-image-preview":"max-image-preview:large","max-video-preview":"max-video-preview:-1"},"canonical":"https:\/\/www.meublesneova.fr\/en\/kitchen-sink-cabinet-recycling-bin\/","og_locale":"en_US","og_type":"article","og_title":"KITCHEN - RECYCLING BIN - Meuble sous-\u00e9vier d\u00e9pliable","og_description":"N\u00e9ova Find out about Recycling bin, models depending on the size's cabinet.","og_url":"https:\/\/www.meublesneova.fr\/en\/kitchen-sink-cabinet-recycling-bin\/","og_site_name":"N\u00e9ova","article_modified_time":"2023-07-21T08:52:30+00:00","og_image":[{"width":1778,"height":2403,"url":"https:\/\/www.meublesneova.fr\/wp-content\/uploads\/2020\/01\/Poubelle-2x75-litres.jpg","type":"image\/jpeg"}],"twitter_card":"summary_large_image","twitter_misc":{"Est. reading time":"3 minutes"},"schema":{"@context":"https:\/\/schema.org","@graph":[{"@type":"WebPage","@id":"https:\/\/www.meublesneova.fr\/en\/kitchen-sink-cabinet-recycling-bin\/","url":"https:\/\/www.meublesneova.fr\/en\/kitchen-sink-cabinet-recycling-bin\/","name":"KITCHEN - RECYCLING BIN - Meuble sous-\u00e9vier d\u00e9pliable","isPartOf":{"@id":"https:\/\/www.meublesneova.fr\/en\/#website"},"primaryImageOfPage":{"@id":"https:\/\/www.meublesneova.fr\/en\/kitchen-sink-cabinet-recycling-bin\/#primaryimage"},"image":{"@id":"https:\/\/www.meublesneova.fr\/en\/kitchen-sink-cabinet-recycling-bin\/#primaryimage"},"thumbnailUrl":"https:\/\/www.meublesneova.fr\/wp-content\/uploads\/2020\/01\/Poubelle-2x75-litres.jpg","datePublished":"2023-06-21T12:11:41+00:00","dateModified":"2023-07-21T08:52:30+00:00","description":"N\u00e9ova Find out about Recycling bin, models depending on the size's cabinet.","breadcrumb":{"@id":"https:\/\/www.meublesneova.fr\/en\/kitchen-sink-cabinet-recycling-bin\/#breadcrumb"},"inLanguage":"en-US","potentialAction":[{"@type":"ReadAction","target":["https:\/\/www.meublesneova.fr\/en\/kitchen-sink-cabinet-recycling-bin\/"]}]},{"@type":"ImageObject","inLanguage":"en-US","@id":"https:\/\/www.meublesneova.fr\/en\/kitchen-sink-cabinet-recycling-bin\/#primaryimage","url":"https:\/\/www.meublesneova.fr\/wp-content\/uploads\/2020\/01\/Poubelle-2x75-litres.jpg","contentUrl":"https:\/\/www.meublesneova.fr\/wp-content\/uploads\/2020\/01\/Poubelle-2x75-litres.jpg","width":1778,"height":2403,"caption":"N\u00e9ova - \u00c9difi's Poubelle \u00e0\u00a0 tri-s\u00e9lectif pour int\u00e9gration dans les sous-\u00e9vier R\u00e9f. S10Z88275"},{"@type":"BreadcrumbList","@id":"https:\/\/www.meublesneova.fr\/en\/kitchen-sink-cabinet-recycling-bin\/#breadcrumb","itemListElement":[{"@type":"ListItem","position":1,"name":"Accueil N\u00e9ova","item":"https:\/\/www.meublesneova.fr\/en\/"},{"@type":"ListItem","position":2,"name":"KITCHEN &#8211; RECYCLING BIN"}]},{"@type":"WebSite","@id":"https:\/\/www.meublesneova.fr\/en\/#website","url":"https:\/\/www.meublesneova.fr\/en\/","name":"N\u00e9ova","description":"Partenaire de tous vos projets immobiliers","publisher":{"@id":"https:\/\/www.meublesneova.fr\/en\/#organization"},"potentialAction":[{"@type":"SearchAction","target":{"@type":"EntryPoint","urlTemplate":"https:\/\/www.meublesneova.fr\/en\/?s={search_term_string}"},"query-input":{"@type":"PropertyValueSpecification","valueRequired":true,"valueName":"search_term_string"}}],"inLanguage":"en-US"},{"@type":"Organization","@id":"https:\/\/www.meublesneova.fr\/en\/#organization","name":"N\u00e9ova","url":"https:\/\/www.meublesneova.fr\/en\/","logo":{"@type":"ImageObject","inLanguage":"en-US","@id":"https:\/\/www.meublesneova.fr\/en\/#\/schema\/logo\/image\/","url":"https:\/\/meublesneova.fr\/wp-content\/uploads\/2020\/01\/Neova_Logo-2019_.jpg","contentUrl":"https:\/\/meublesneova.fr\/wp-content\/uploads\/2020\/01\/Neova_Logo-2019_.jpg","width":596,"height":251,"caption":"N\u00e9ova"},"image":{"@id":"https:\/\/www.meublesneova.fr\/en\/#\/schema\/logo\/image\/"},"sameAs":["https:\/\/www.youtube.com\/channel\/UCNQM0lJpFXplMN9xeiIkgog?view_as=subscriber"]}]}},"_links":{"self":[{"href":"https:\/\/www.meublesneova.fr\/en\/wp-json\/wp\/v2\/pages\/220458","targetHints":{"allow":["GET"]}}],"collection":[{"href":"https:\/\/www.meublesneova.fr\/en\/wp-json\/wp\/v2\/pages"}],"about":[{"href":"https:\/\/www.meublesneova.fr\/en\/wp-json\/wp\/v2\/types\/page"}],"author":[{"embeddable":true,"href":"https:\/\/www.meublesneova.fr\/en\/wp-json\/wp\/v2\/users\/6"}],"replies":[{"embeddable":true,"href":"https:\/\/www.meublesneova.fr\/en\/wp-json\/wp\/v2\/comments?post=220458"}],"version-history":[{"count":18,"href":"https:\/\/www.meublesneova.fr\/en\/wp-json\/wp\/v2\/pages\/220458\/revisions"}],"predecessor-version":[{"id":220886,"href":"https:\/\/www.meublesneova.fr\/en\/wp-json\/wp\/v2\/pages\/220458\/revisions\/220886"}],"wp:featuredmedia":[{"embeddable":true,"href":"https:\/\/www.meublesneova.fr\/en\/wp-json\/wp\/v2\/media\/213159"}],"wp:attachment":[{"href":"https:\/\/www.meublesneova.fr\/en\/wp-json\/wp\/v2\/media?parent=220458"}],"curies":[{"name":"wp","href":"https:\/\/api.w.org\/{rel}","templated":true}]}}